{"id":809,"date":"2025-02-21T10:36:47","date_gmt":"2025-02-21T09:36:47","guid":{"rendered":"https:\/\/123plasticparts.com\/?page_id=809"},"modified":"2025-02-24T16:02:12","modified_gmt":"2025-02-24T15:02:12","slug":"mentions-legales-politique-de-confidentialite-3","status":"publish","type":"page","link":"https:\/\/123plasticparts.com\/fr\/legal-notice-privacy-policy\/","title":{"rendered":"Mentions L\u00e9gales &amp; Politique de Confidentialit\u00e9"},"content":{"rendered":"<div data-elementor-type=\"wp-page\" data-elementor-id=\"809\" class=\"elementor elementor-809\" data-elementor-post-type=\"page\">\n\t\t\t\t<div class=\"elementor-element elementor-element-959510b e-flex e-con-boxed e-con e-parent\" data-id=\"959510b\" data-element_type=\"container\" data-e-type=\"container\" data-settings=\"{&quot;jet_parallax_layout_list&quot;:[]}\">\n\t\t\t\t\t<div class=\"e-con-inner\">\n\t\t\t\t<div class=\"elementor-element elementor-element-55d7959 elementor-widget elementor-widget-image\" data-id=\"55d7959\" data-element_type=\"widget\" data-e-type=\"widget\" data-widget_type=\"image.default\">\n\t\t\t\t<div class=\"elementor-widget-container\">\n\t\t\t\t\t\t\t\t\t\t\t\t\t\t\t\t<a href=\"https:\/\/123plasticparts.com\/fr\/\">\n\t\t\t\t\t\t\t<img fetchpriority=\"high\" decoding=\"async\" width=\"800\" height=\"280\" src=\"https:\/\/123plasticparts.com\/wp-content\/uploads\/2025\/01\/Logofolio-123-Plastic-Parts-06-1024x359.png\" class=\"attachment-large size-large wp-image-796\" alt=\"\" srcset=\"https:\/\/123plasticparts.com\/wp-content\/uploads\/2025\/01\/Logofolio-123-Plastic-Parts-06-1024x359.png 1024w, https:\/\/123plasticparts.com\/wp-content\/uploads\/2025\/01\/Logofolio-123-Plastic-Parts-06-300x105.png 300w, https:\/\/123plasticparts.com\/wp-content\/uploads\/2025\/01\/Logofolio-123-Plastic-Parts-06-768x270.png 768w, https:\/\/123plasticparts.com\/wp-content\/uploads\/2025\/01\/Logofolio-123-Plastic-Parts-06-18x6.png 18w, https:\/\/123plasticparts.com\/wp-content\/uploads\/2025\/01\/Logofolio-123-Plastic-Parts-06.png 1222w\" sizes=\"(max-width: 800px) 100vw, 800px\" \/>\t\t\t\t\t\t\t\t<\/a>\n\t\t\t\t\t\t\t\t\t\t\t\t\t\t\t<\/div>\n\t\t\t\t<\/div>\n\t\t\t\t\t<\/div>\n\t\t\t\t<\/div>\n\t\t<div class=\"elementor-element elementor-element-ff6d6cc e-flex e-con-boxed e-con e-parent\" data-id=\"ff6d6cc\" data-element_type=\"container\" data-e-type=\"container\" data-settings=\"{&quot;jet_parallax_layout_list&quot;:[]}\">\n\t\t\t\t\t<div class=\"e-con-inner\">\n\t\t\t\t<div class=\"elementor-element elementor-element-ed38675 elementor-widget elementor-widget-heading\" data-id=\"ed38675\" data-element_type=\"widget\" data-e-type=\"widget\" data-widget_type=\"heading.default\">\n\t\t\t\t<div class=\"elementor-widget-container\">\n\t\t\t\t\t<h2 class=\"elementor-heading-title elementor-size-default\">Mentions L\u00e9gales &amp; Politique de Confidentialit\u00e9<\/h2>\t\t\t\t<\/div>\n\t\t\t\t<\/div>\n\t\t\t\t<div class=\"elementor-element elementor-element-8626efb elementor-widget elementor-widget-text-editor\" data-id=\"8626efb\" data-element_type=\"widget\" data-e-type=\"widget\" data-widget_type=\"text-editor.default\">\n\t\t\t\t<div class=\"elementor-widget-container\">\n\t\t\t\t\t\t\t\t\t<p>\u00a0<\/p><h2 class=\"p1\"><b>\u00c9diteur du site<\/b><\/h2><p>Marque Digitale<\/p><div data-id=\"3d5794d\" data-element_type=\"widget\" data-widget_type=\"text-editor.default\"><p>Num\u00e9ro de SIRET : 830 727 517 00021<\/p><p class=\"p1\">Responsable \u00e9ditorial : Vivien Bergeron<\/p><p>Adresse<br \/>1 rue Jean Bertin 26000 Valence<\/p><p>T\u00e9l\u00e9phone : +33 (0)4 81 16 08 56<\/p><p>Website : <a href=\"https:\/\/123plasticparts.com\/fr\/\">https:\/\/123plasticparts.com<\/a><\/p><h2 class=\"p1\"><b>H\u00e9bergement<\/b><\/h2><p>H\u00e9bergeur :\u00a0OVH \u2013 2 rue Kellermann \u2013 59100 Roubaix \u2013 France<\/p><\/div><h2><strong>Collecte et utilisation des donn\u00e9es<\/strong><\/h2><p>Les informations collect\u00e9es via le formulaire sont destin\u00e9es \u00e0 Marque Digitale et utilis\u00e9es uniquement pour r\u00e9pondre aux demandes des utilisateurs. Les donn\u00e9es ne sont ni c\u00e9d\u00e9es ni vendues.<\/p><h2><strong>Cookies<\/strong><\/h2><p>Le site utilise des cookies pour mesurer l\u2019audience et am\u00e9liorer l\u2019exp\u00e9rience utilisateur. Vous pouvez configurer votre navigateur pour bloquer ces cookies.<\/p><h2><strong>Droits des utilisateurs<\/strong><\/h2><p>Conform\u00e9ment \u00e0 la loi Informatique et Libert\u00e9s, vous disposez d\u2019un droit d\u2019acc\u00e8s, de rectification et de suppression de vos donn\u00e9es personnelles. Pour exercer ces droits, contactez-nous \u00e0 support@marquedigitale.fr.<\/p><h2><strong>Responsabilit\u00e9 &amp; Liens externes<\/strong><\/h2><p>Les informations fournies sur ce site sont indicatives et peuvent \u00eatre modifi\u00e9es sans pr\u00e9avis. Nous ne sommes pas responsables des contenus des sites externes li\u00e9s.<\/p><h2><strong>Loi applicable<\/strong><\/h2><p>Le pr\u00e9sent site est soumis au droit fran\u00e7ais. Toute r\u00e9clamation sera port\u00e9e devant les tribunaux comp\u00e9tents.<\/p>\t\t\t\t\t\t\t\t<\/div>\n\t\t\t\t<\/div>\n\t\t\t\t\t<\/div>\n\t\t\t\t<\/div>\n\t\t\t\t<\/div>","protected":false},"excerpt":{"rendered":"<p>Legal Notice &amp; Privacy Policy Site Publisher Marque Digitale SIRET : 830 727 517 00021 Editorial Manager : Vivien Bergeron Adress :1 rue Jean Bertin 26000 Valence Phone : +33 (0)4 81 16 08 56 Website : https:\/\/123plasticparts.com Hosting Host : OVH \u2013 2 rue Kellermann \u2013 59100 Roubaix \u2013 France Data Collection &amp; Usage [&hellip;]<\/p>\n","protected":false},"author":1,"featured_media":0,"parent":0,"menu_order":0,"comment_status":"closed","ping_status":"closed","template":"","meta":{"_acf_changed":false,"footnotes":""},"class_list":["post-809","page","type-page","status-publish","hentry"],"acf":[],"_links":{"self":[{"href":"https:\/\/123plasticparts.com\/fr\/wp-json\/wp\/v2\/pages\/809","targetHints":{"allow":["GET"]}}],"collection":[{"href":"https:\/\/123plasticparts.com\/fr\/wp-json\/wp\/v2\/pages"}],"about":[{"href":"https:\/\/123plasticparts.com\/fr\/wp-json\/wp\/v2\/types\/page"}],"author":[{"embeddable":true,"href":"https:\/\/123plasticparts.com\/fr\/wp-json\/wp\/v2\/users\/1"}],"replies":[{"embeddable":true,"href":"https:\/\/123plasticparts.com\/fr\/wp-json\/wp\/v2\/comments?post=809"}],"version-history":[{"count":35,"href":"https:\/\/123plasticparts.com\/fr\/wp-json\/wp\/v2\/pages\/809\/revisions"}],"predecessor-version":[{"id":848,"href":"https:\/\/123plasticparts.com\/fr\/wp-json\/wp\/v2\/pages\/809\/revisions\/848"}],"wp:attachment":[{"href":"https:\/\/123plasticparts.com\/fr\/wp-json\/wp\/v2\/media?parent=809"}],"curies":[{"name":"wp","href":"https:\/\/api.w.org\/{rel}","templated":true}]}}