{"id":31,"date":"2023-08-25T09:24:18","date_gmt":"2023-08-25T07:24:18","guid":{"rendered":"https:\/\/vitrine-md.marquedigitale.dev\/?page_id=31"},"modified":"2024-12-04T12:10:21","modified_gmt":"2024-12-04T11:10:21","slug":"mentions-legales","status":"publish","type":"page","link":"https:\/\/123plasticparts.com\/fr\/mentions-legales\/","title":{"rendered":"Mentions l\u00e9gales"},"content":{"rendered":"<div data-elementor-type=\"wp-page\" data-elementor-id=\"31\" class=\"elementor elementor-31\" data-elementor-post-type=\"page\">\n\t\t\t\t<div class=\"elementor-element elementor-element-3d411b6 marge e-flex e-con-boxed e-con e-parent\" data-id=\"3d411b6\" data-element_type=\"container\" data-e-type=\"container\" data-settings=\"{&quot;jet_parallax_layout_list&quot;:[]}\">\n\t\t\t\t\t<div class=\"e-con-inner\">\n\t\t\t\t<div class=\"elementor-element elementor-element-37e2fde elementor-widget elementor-widget-heading\" data-id=\"37e2fde\" data-element_type=\"widget\" data-e-type=\"widget\" data-widget_type=\"heading.default\">\n\t\t\t\t<div class=\"elementor-widget-container\">\n\t\t\t\t\t<h1 class=\"elementor-heading-title elementor-size-default\">Mentions l\u00e9gales<\/h1>\t\t\t\t<\/div>\n\t\t\t\t<\/div>\n\t\t\t\t<div class=\"elementor-element elementor-element-1035dea elementor-widget elementor-widget-dce-tokens\" data-id=\"1035dea\" data-element_type=\"widget\" data-e-type=\"widget\" data-widget_type=\"dce-tokens.default\">\n\t\t\t\t<div class=\"elementor-widget-container\">\n\t\t\t\t\t\t\t<div class=\"dce-tokens\">\n\t\t<div data-id=\"3d5794d\" data-element_type=\"widget\" data-widget_type=\"text-editor.default\"><p>Merci de lire avec attention les diff\u00e9rentes modalit\u00e9s d\u2019utilisation du pr\u00e9sent site avant d\u2019y parcourir ses pages. En vous connectant sur ce site, vous acceptez sans r\u00e9serves les pr\u00e9sentes modalit\u00e9s. Aussi, conform\u00e9ment \u00e0 l\u2019article n\u00b06 de la Loi n\u00b02004-575 du 21 Juin 2004 pour la confiance dans l\u2019\u00e9conomie num\u00e9rique, les responsables du pr\u00e9sent site internet <a href=\"\/fr\/\">https:\/\/123plasticparts.com<\/a> sont :<\/p><h2>\u00c9diteur du site<\/h2><p>123PlasticParts<\/p><div data-id=\"3d5794d\" data-element_type=\"widget\" data-widget_type=\"text-editor.default\"><p>Num\u00e9ro de SIRET : 339 770 133 00033<\/p><p>Responsable \u00e9ditorial : Fanny B\u00fclte<\/p><p>Adresse : <br \/>Z.A. de Morlon\u2028288 rue Pierre Seghers\u202826800 Portes-l\u00e8s-Valence<\/p><p><span style=\"color: var( --e-global-color-text ); font-size: var( --e-global-typography-text-font-size ); font-weight: var( --e-global-typography-text-font-weight );\">T\u00e9l\u00e9phone : +33 (0)4 75 57 44 71<\/span><\/p><p>Site Web : <a href=\"\/fr\/\">https:\/\/123plasticparts.com<\/a><\/p><h2>H\u00e9bergement<\/h2><p>H\u00e9bergeur : <span style=\"color: var( --e-global-color-text ); font-size: var( --e-global-typography-text-font-size ); font-weight: var( --e-global-typography-text-font-weight );\">OVH \u2013 2 rue Kellermann \u2013 59100 Roubaix \u2013 France<\/span><\/p><h2>D\u00e9veloppement<\/h2><p>Site propuls\u00e9 par l\u2019<a href=\"https:\/\/marquedigitale.fr\/\" target=\"_blank\" rel=\"noopener\">agence web Marque Digitale<\/a><br \/>Adresse : 1 rue jean bertin \u2013 26000 VALENCE<\/p><h2>Conditions d\u2019utilisation<\/h2><p>Ce site (<a href=\"\/fr\/\">https:\/\/123plasticparts.com<\/a>) est propos\u00e9 en diff\u00e9rents langages web (HTML, HTML5, Javascript, CSS, etc\u2026) pour un meilleur confort d\u2019utilisation et un graphisme plus agr\u00e9able, nous vous recommandons de recourir \u00e0 des navigateurs modernes comme Internet explorer, Safari, Firefox, Google Chrome, etc\u2026 123PlasticParts met en \u0153uvre tous les moyens dont elle dispose, pour assurer une information fiable et une mise \u00e0 jour fiable de ses sites internet. Toutefois, des erreurs ou omissions peuvent survenir. L\u2019internaute devra donc s\u2019assurer de l\u2019exactitude des informations aupr\u00e8s de , et signaler toutes modifications du site qu\u2019il jugerait utile. n\u2019est en aucun cas responsable de l\u2019utilisation faite de ces informations, et de tout pr\u00e9judice direct ou indirect pouvant en d\u00e9couler.<\/p><p>Cookies : Le site <a href=\"\/fr\/\">https:\/\/123plasticparts.com<\/a> peut-\u00eatre amen\u00e9 \u00e0 vous demander l\u2019acceptation des cookies pour des besoins de statistiques et d\u2019affichage. Un cookies est une information d\u00e9pos\u00e9e sur votre disque dur par le serveur du site que vous visitez. Il contient plusieurs donn\u00e9es qui sont stock\u00e9es sur votre ordinateur dans un simple fichier texte auquel un serveur acc\u00e8de pour lire et enregistrer des informations . Certaines parties de ce site ne peuvent \u00eatre fonctionnelles sans l\u2019acceptation de cookies.<br \/>Liens hypertextes : Les sites internet de peuvent offrir des liens vers d\u2019autres sites internet ou d\u2019autres ressources disponibles sur Internet. 123PlasticParts ne dispose d\u2019aucun moyen pour contr\u00f4ler les sites en connexion avec ses sites internet. ne r\u00e9pond pas de la disponibilit\u00e9 de tels sites et sources externes, ni ne la garantit. Elle ne peut \u00eatre tenue pour responsable de tout dommage, de quelque nature que ce soit, r\u00e9sultant du contenu de ces sites ou sources externes, et notamment des informations, produits ou services qu\u2019ils proposent, ou de tout usage qui peut \u00eatre fait de ces \u00e9l\u00e9ments. Les risques li\u00e9s \u00e0 cette utilisation incombent pleinement \u00e0 l\u2019internaute, qui doit se conformer \u00e0 leurs conditions d\u2019utilisation. Les utilisateurs, les abonn\u00e9s et les visiteurs des sites internet de ne peuvent mettre en place un hyperlien en direction de ce site sans l\u2019autorisation expresse et pr\u00e9alable de 123PlasticParts. Dans l\u2019hypoth\u00e8se o\u00f9 un utilisateur ou visiteur souhaiterait mettre en place un hyperlien en direction d\u2019un des sites internet de , il lui appartiendra d\u2019adresser un email accessible sur le site afin de formuler sa demande de mise en place d\u2019un hyperlien. 123PlasticParts se r\u00e9serve le droit d\u2019accepter ou de refuser un hyperlien sans avoir \u00e0 en justifier sa d\u00e9cision.<\/p><h2>Services fournis<\/h2><p>L\u2019ensemble des activit\u00e9s de la soci\u00e9t\u00e9 ainsi que ses informations sont pr\u00e9sent\u00e9s sur notre site <a href=\"\/fr\/\">https:\/\/123plasticparts.com<\/a>.<\/p><p>123PlasticParts s\u2019efforce de fournir sur le site <a href=\"\/fr\/\">https:\/\/123plasticparts.com<\/a> des informations aussi pr\u00e9cises que possible. Les renseignements figurant sur le site <a href=\"\/fr\/\">https:\/\/123plasticparts.com<\/a> ne sont pas exhaustifs et les photos non contractuelles. Ils sont donn\u00e9s sous r\u00e9serve de modifications ayant \u00e9t\u00e9 apport\u00e9es depuis leur mise en ligne. Par ailleurs, tous les informations indiqu\u00e9es sur le site <a href=\"\/fr\/\">https:\/\/123plasticparts.com<\/a> sont donn\u00e9es \u00e0 titre indicatif, et sont susceptibles de changer ou d\u2019\u00e9voluer sans pr\u00e9avis.<\/p><\/div><\/div>\t\t<\/div>\n\t\t\t\t\t\t<\/div>\n\t\t\t\t<\/div>\n\t\t\t\t\t<\/div>\n\t\t\t\t<\/div>\n\t\t\t\t<\/div>","protected":false},"excerpt":{"rendered":"<p>Mentions l\u00e9gales Merci de lire avec attention les diff\u00e9rentes modalit\u00e9s d\u2019utilisation du pr\u00e9sent site avant d\u2019y parcourir ses pages. En vous connectant sur ce site, vous acceptez sans r\u00e9serves les pr\u00e9sentes modalit\u00e9s. Aussi, conform\u00e9ment \u00e0 l\u2019article n\u00b06 de la Loi n\u00b02004-575 du 21 Juin 2004 pour la confiance dans l\u2019\u00e9conomie num\u00e9rique, les responsables du pr\u00e9sent [&hellip;]<\/p>\n","protected":false},"author":1,"featured_media":0,"parent":0,"menu_order":0,"comment_status":"closed","ping_status":"closed","template":"","meta":{"_acf_changed":false,"footnotes":""},"class_list":["post-31","page","type-page","status-publish","hentry"],"acf":[],"_links":{"self":[{"href":"https:\/\/123plasticparts.com\/fr\/wp-json\/wp\/v2\/pages\/31","targetHints":{"allow":["GET"]}}],"collection":[{"href":"https:\/\/123plasticparts.com\/fr\/wp-json\/wp\/v2\/pages"}],"about":[{"href":"https:\/\/123plasticparts.com\/fr\/wp-json\/wp\/v2\/types\/page"}],"author":[{"embeddable":true,"href":"https:\/\/123plasticparts.com\/fr\/wp-json\/wp\/v2\/users\/1"}],"replies":[{"embeddable":true,"href":"https:\/\/123plasticparts.com\/fr\/wp-json\/wp\/v2\/comments?post=31"}],"version-history":[{"count":30,"href":"https:\/\/123plasticparts.com\/fr\/wp-json\/wp\/v2\/pages\/31\/revisions"}],"predecessor-version":[{"id":807,"href":"https:\/\/123plasticparts.com\/fr\/wp-json\/wp\/v2\/pages\/31\/revisions\/807"}],"wp:attachment":[{"href":"https:\/\/123plasticparts.com\/fr\/wp-json\/wp\/v2\/media?parent=31"}],"curies":[{"name":"wp","href":"https:\/\/api.w.org\/{rel}","templated":true}]}}