{"id":809,"date":"2025-02-21T10:36:47","date_gmt":"2025-02-21T09:36:47","guid":{"rendered":"https:\/\/123plasticparts.com\/?page_id=809"},"modified":"2025-02-24T16:02:12","modified_gmt":"2025-02-24T15:02:12","slug":"rechtlicher-hinweis-datenschutz","status":"publish","type":"page","link":"https:\/\/123plasticparts.com\/de\/legal-notice-privacy-policy\/","title":{"rendered":"Rechtlicher Hinweis &amp; Datenschutz"},"content":{"rendered":"<div data-elementor-type=\"wp-page\" data-elementor-id=\"809\" class=\"elementor elementor-809\" data-elementor-post-type=\"page\">\n\t\t\t\t<div class=\"elementor-element elementor-element-959510b e-flex e-con-boxed e-con e-parent\" data-id=\"959510b\" data-element_type=\"container\" data-e-type=\"container\" data-settings=\"{&quot;jet_parallax_layout_list&quot;:[]}\">\n\t\t\t\t\t<div class=\"e-con-inner\">\n\t\t\t\t<div class=\"elementor-element elementor-element-55d7959 elementor-widget elementor-widget-image\" data-id=\"55d7959\" data-element_type=\"widget\" data-e-type=\"widget\" data-widget_type=\"image.default\">\n\t\t\t\t<div class=\"elementor-widget-container\">\n\t\t\t\t\t\t\t\t\t\t\t\t\t\t\t\t<a href=\"https:\/\/123plasticparts.com\/de\/\">\n\t\t\t\t\t\t\t<img fetchpriority=\"high\" decoding=\"async\" width=\"800\" height=\"280\" src=\"https:\/\/123plasticparts.com\/wp-content\/uploads\/2025\/01\/Logofolio-123-Plastic-Parts-06-1024x359.png\" class=\"attachment-large size-large wp-image-796\" alt=\"\" srcset=\"https:\/\/123plasticparts.com\/wp-content\/uploads\/2025\/01\/Logofolio-123-Plastic-Parts-06-1024x359.png 1024w, https:\/\/123plasticparts.com\/wp-content\/uploads\/2025\/01\/Logofolio-123-Plastic-Parts-06-300x105.png 300w, https:\/\/123plasticparts.com\/wp-content\/uploads\/2025\/01\/Logofolio-123-Plastic-Parts-06-768x270.png 768w, https:\/\/123plasticparts.com\/wp-content\/uploads\/2025\/01\/Logofolio-123-Plastic-Parts-06-18x6.png 18w, https:\/\/123plasticparts.com\/wp-content\/uploads\/2025\/01\/Logofolio-123-Plastic-Parts-06.png 1222w\" sizes=\"(max-width: 800px) 100vw, 800px\" \/>\t\t\t\t\t\t\t\t<\/a>\n\t\t\t\t\t\t\t\t\t\t\t\t\t\t\t<\/div>\n\t\t\t\t<\/div>\n\t\t\t\t\t<\/div>\n\t\t\t\t<\/div>\n\t\t<div class=\"elementor-element elementor-element-ff6d6cc e-flex e-con-boxed e-con e-parent\" data-id=\"ff6d6cc\" data-element_type=\"container\" data-e-type=\"container\" data-settings=\"{&quot;jet_parallax_layout_list&quot;:[]}\">\n\t\t\t\t\t<div class=\"e-con-inner\">\n\t\t\t\t<div class=\"elementor-element elementor-element-ed38675 elementor-widget elementor-widget-heading\" data-id=\"ed38675\" data-element_type=\"widget\" data-e-type=\"widget\" data-widget_type=\"heading.default\">\n\t\t\t\t<div class=\"elementor-widget-container\">\n\t\t\t\t\t<h2 class=\"elementor-heading-title elementor-size-default\">Rechtlicher Hinweis &amp; Datenschutz<\/h2>\t\t\t\t<\/div>\n\t\t\t\t<\/div>\n\t\t\t\t<div class=\"elementor-element elementor-element-8626efb elementor-widget elementor-widget-text-editor\" data-id=\"8626efb\" data-element_type=\"widget\" data-e-type=\"widget\" data-widget_type=\"text-editor.default\">\n\t\t\t\t<div class=\"elementor-widget-container\">\n\t\t\t\t\t\t\t\t\t<p>\u00a0<\/p><h2 class=\"p1\"><b>Betreiber der Webseite<\/b><\/h2><p>Marque Digitale<\/p><div data-id=\"3d5794d\" data-element_type=\"widget\" data-widget_type=\"text-editor.default\"><p>SIRET : 830 727 517 00021<\/p><p class=\"p1\">Verantwortlicher Redakteur: Vivien Bergeron<\/p><p>Adresse<br \/>1 rue Jean Bertin 26000 Valence<\/p><p>Telefon: +33 (0)4 81 16 08 56<\/p><p>Website : <a href=\"https:\/\/123plasticparts.com\/de\/\">https:\/\/123plasticparts.com<\/a><\/p><h2 class=\"p1\"><b>Hosting<\/b><\/h2><p>Host: OVH \u2013 2 rue Kellermann \u2013 59100 Roubaix \u2013 Frankreich<\/p><\/div><h2><strong>Datenerhebung &amp; Nutzung<\/strong><\/h2><p>Die \u00fcber das Formular gesammelten Informationen sind f\u00fcr Marque Digitale bestimmt und werden ausschlie\u00dflich zur Beantwortung von Nutzeranfragen verwendet. Daten werden weder verkauft noch an Dritte weitergegeben.<\/p><h2><strong>Cookies<\/strong><\/h2><p>Diese Website verwendet Cookies zur Messung des Datenverkehrs und zur Verbesserung der Benutzererfahrung. Sie k\u00f6nnen Ihren Browser so konfigurieren, dass er Cookies blockiert.<\/p><h2><strong>Benutzerrechte<\/strong><\/h2><p>In \u00dcbereinstimmung mit dem franz\u00f6sischen Datenschutzgesetz haben Sie das Recht, auf Ihre pers\u00f6nlichen Daten zuzugreifen, sie zu korrigieren oder zu l\u00f6schen. Um diese Rechte auszu\u00fcben, kontaktieren Sie uns unter support@marquedigitale.fr.<\/p><h2><strong>Haftung &amp; Externe Links<\/strong><\/h2><p>Die auf dieser Website bereitgestellten Informationen dienen nur als Referenz und k\u00f6nnen ohne vorherige Ank\u00fcndigung ge\u00e4ndert werden. Wir \u00fcbernehmen keine Verantwortung f\u00fcr den Inhalt externer verlinkter Websites.<\/p><h2><strong>Anwendbares Recht<\/strong><\/h2><p>Diese Website unterliegt dem franz\u00f6sischen Recht. Streitigkeiten werden von den zust\u00e4ndigen Gerichten behandelt.<\/p>\t\t\t\t\t\t\t\t<\/div>\n\t\t\t\t<\/div>\n\t\t\t\t\t<\/div>\n\t\t\t\t<\/div>\n\t\t\t\t<\/div>","protected":false},"excerpt":{"rendered":"<p>Legal Notice &amp; Privacy Policy Site Publisher Marque Digitale SIRET : 830 727 517 00021 Editorial Manager : Vivien Bergeron Adress :1 rue Jean Bertin 26000 Valence Phone : +33 (0)4 81 16 08 56 Website : https:\/\/123plasticparts.com Hosting Host : OVH \u2013 2 rue Kellermann \u2013 59100 Roubaix \u2013 France Data Collection &amp; Usage [&hellip;]<\/p>\n","protected":false},"author":1,"featured_media":0,"parent":0,"menu_order":0,"comment_status":"closed","ping_status":"closed","template":"","meta":{"_acf_changed":false,"footnotes":""},"class_list":["post-809","page","type-page","status-publish","hentry"],"acf":[],"_links":{"self":[{"href":"https:\/\/123plasticparts.com\/de\/wp-json\/wp\/v2\/pages\/809","targetHints":{"allow":["GET"]}}],"collection":[{"href":"https:\/\/123plasticparts.com\/de\/wp-json\/wp\/v2\/pages"}],"about":[{"href":"https:\/\/123plasticparts.com\/de\/wp-json\/wp\/v2\/types\/page"}],"author":[{"embeddable":true,"href":"https:\/\/123plasticparts.com\/de\/wp-json\/wp\/v2\/users\/1"}],"replies":[{"embeddable":true,"href":"https:\/\/123plasticparts.com\/de\/wp-json\/wp\/v2\/comments?post=809"}],"version-history":[{"count":35,"href":"https:\/\/123plasticparts.com\/de\/wp-json\/wp\/v2\/pages\/809\/revisions"}],"predecessor-version":[{"id":848,"href":"https:\/\/123plasticparts.com\/de\/wp-json\/wp\/v2\/pages\/809\/revisions\/848"}],"wp:attachment":[{"href":"https:\/\/123plasticparts.com\/de\/wp-json\/wp\/v2\/media?parent=809"}],"curies":[{"name":"wp","href":"https:\/\/api.w.org\/{rel}","templated":true}]}}